{"id":870,"date":"2024-02-07T09:44:07","date_gmt":"2024-02-07T09:44:07","guid":{"rendered":"https:\/\/extremeworkouts.net\/?page_id=870"},"modified":"2024-02-07T09:44:07","modified_gmt":"2024-02-07T09:44:07","slug":"terms-conditions","status":"publish","type":"page","link":"https:\/\/extremeworkouts.net\/es\/terms-conditions\/","title":{"rendered":"T\u00e9rminos y Condiciones"},"content":{"rendered":"<p>Bienvenido a Extremeworkouts.net, en adelante Extreme Workouts, el Sitio Web o la P\u00e1gina.<\/p><p>Los siguientes T\u00e9rminos y Condiciones regulan las condiciones de venta, as\u00ed como la pol\u00edtica de uso del sitio web, as\u00ed como de la aplicaci\u00f3n m\u00f3vil.<\/p><p>Te recomendamos leer con detenimiento estos TyC antes de empezar a utilizar la p\u00e1gina, as\u00ed como a revisarlos de forma per\u00edodica ya que su contenido puede sufrir variaciones.<\/p><p>Si no est\u00e1s de acuerdo con alguno de estos puntos, no utilices la p\u00e1gina web de Extremeworkouts.net.<\/p><h3 class=\"wp-block-heading\">Requisitos para usar Extreme Workouts<\/h3><p>Para poder utilizar nuestra p\u00e1gina web o app, especialmente para facilitarnos informaci\u00f3n personal al inscribirte a un reto o para comprar un producto, deber\u00e1s tener la capacidad legal para celebrar un contrato, as\u00ed como la edad m\u00ednima exigible para tal acto. En el momento en el que utilizas nuestros servicios, entendemos que cumples estos requisitos.<\/p><h4 class=\"wp-block-heading\">Pedidos<\/h4><p>Al realizar un pago en Extreme Workouts est\u00e1s aceptando las condiciones generales de venta, inclu\u00eddo el precio y la descripci\u00f3n del servicio o producto.<\/p><p>Te comprometes a facilitar tus datos reales para que tu pedido se pueda tramitar de forma correcta y que, en caso de que fuera necesario, podamos contactar contigo.<\/p><p>Asimismo, al realizar un pago desde la p\u00e1gina web, garantizas estar plenamente autorizado a utilizar la tarjeta de cr\u00e9dito o d\u00e9bito utilizada o la cuenta de Paypal si se permitiera su uso.<\/p><h4 class=\"wp-block-heading\">Precios y descripciones<\/h4><p>Los precios mostrados en nuestra p\u00e1gina web se muestran en Euros (\u20ac) e incluyen el I.V.A. (actualmente del 21%).<\/p><p>Esta p\u00e1gina web est\u00e1 creada por humanos, y como tales, podemos equivocarnos. El hecho de indicar un precio de forma err\u00f3nea no nos obligar\u00e1 bajo ning\u00fan concepto a aceptar la transacci\u00f3n.<\/p><p>Si eso sucediera, te avisaremos del error y podr\u00e1s decidir si quieres adquirir el producto o servicio despu\u00e9s de conocer el precio real.<\/p><h4 class=\"wp-block-heading\">Colores<\/h4><p>Seg\u00fan como tengas configurada la pantalla desde la que visualices nuestra p\u00e1gina, es posible que algunos colores no se muestren exactamente como son en la realidad. Asume la posibilidad de que exista este margen de error ya que es algo que no podemos controlar.<\/p><h4 class=\"wp-block-heading\">Disponibilidad<\/h4><p>Siempre intentamos llevar un control exhaustivo del stock existente. Puede suceder que se efect\u00faen varios pedidos al mismo tiempo y que nos quedemos sin unidades disponibles incluso despu\u00e9s de que hayas realizado el pago.<\/p><p>En este caso, te indicaremos cuando podr\u00edas recibir el producto que has elegido y te daremos la posibilidad de retractarte sin que te suponga coste alguno.<\/p><h3 class=\"wp-block-heading\">Env\u00edos<\/h3><p>Los gastos de env\u00edo se a\u00f1adir\u00e1n al precio final una vez nos hayas indicado la direcci\u00f3n en la que quieras recibir tu producto. En caso de utilizar alguno de nuestros cupones, estos pueden ser gratuitos.<\/p><h3 class=\"wp-block-heading\">Garant\u00eda de bienes de consumo<\/h3><p>Puedes leer todos los detalles acerca de nuestra pol\u00edtica de devoluciones <a href=\"https:\/\/extremeworkouts.net\/es\/refund_returns\/\">aqu\u00ed<\/a>.<\/p><h3 class=\"wp-block-heading\">Propiedad Intelectual<\/h3><p>Extreme Workouts es titular de los derechos de explotaci\u00f3n de propiedad intelectual e industrial del sitio web, as\u00ed como de todos los contenidos que se incluyen.<\/p><p>Entre otros, est\u00e1n protegidos los derechos sobre el dise\u00f1o de la p\u00e1gina, las fotograf\u00edas mostradas, nuestra marca, el logotipo, los dise\u00f1os de las medallas, camisetas, sudaderas y otro merchandising as\u00ed como la totalidad de las im\u00e1genes que los componen.<\/p><p>A no ser que tengas nuestra autorizaci\u00f3n expresa por escrito, queda totalmente prohibida la reproducci\u00f3n total o parcial del contenido mencionado, el uso de cualquiera de sus elementos (inclu\u00eddo el nombre de Extreme Workouts) siempre que lo hagas con finalidad comercial o con af\u00e1n de da\u00f1ar nuestra imagen p\u00fablica o cualquier otra que pueda dar lugar a enga\u00f1o.<\/p><p>Puedes compartir el contenido de forma personal, por ejemplo, para mostrar los productos a tus conocidos, incluso compartiendo im\u00e1genes, precios o descripciones.<\/p><h3 class=\"wp-block-heading\">Cupones y descuentos<\/h3><p>En ocasiones publicamos en el sitio web o en las redes sociales cupones de descuento que te permitir\u00e1n conseguir una rebaja en el precio o incluso ahorrarte por completo los gastos de env\u00edo.<\/p><p>La duraci\u00f3n de los cupones de descuento es limitada, y el hecho de que se siga mostrando en la web o en cualquier otra plataforma no implica que la validez del c\u00f3digo siga vigente.<\/p><p>Si un cup\u00f3n contuviera un error o fuera usado de forma indebida, se podr\u00e1 anular su validez.<\/p><h3 class=\"wp-block-heading\">Enlazar a Extremeworkouts.net<\/h3><p>No se permite enlazar a la web o redes sociales vinculadas a Extreme Workouts con finalidad de da\u00f1ar nuestra imagen, difamar o mentir sobre nuestros productos.<\/p><p>No hay ning\u00fan problema en compartir nuestros productos, desaf\u00edos o fotograf\u00edas por redes sociales siempre y cuando no se modifiquen las im\u00e1genes de forma que nos pueda perjudicar.<\/p><p>Si has comprado nuestros productos o te has inscrito en nuestros retos, puedes subir fotograf\u00edas y enlazar a extremewotkouts.net o a nuestras redes sociales siempre y cuando no lo hagas con intenci\u00f3n de da\u00f1ar la marca.<\/p><h3 class=\"wp-block-heading\">Cookies y Pol\u00edtica de Privacidad<\/h3><p>Puedes leer ampliamente al respecto de las cookies, pol\u00edtica de privacidad y la forma en que tratamos tus datos personales aqu\u00ed. <a href=\"https:\/\/extremeworkouts.net\/es\/privacy-policy\/\">aqu\u00ed<\/a>.<\/p><h3 class=\"wp-block-heading\">Ley aplicable y jurisdicci\u00f3n<\/h3><p>Las presentes cl\u00e1usulas se regulan por la jurisdicci\u00f3n espa\u00f1ola.<\/p><p>Independientemente del lugar en el que resida el usuario con el que se suscite cualquier tipo de cuesti\u00f3n o disputa que pueda estar sujeta a interpretaci\u00f3n, ejecuci\u00f3n o incumplimiento de las condiciones de uso, se someter\u00e1 a la competencia y jurisdicci\u00f3n de los juzgados y tribunales de Barcelona.<\/p>","protected":false},"excerpt":{"rendered":"<p>Welcome to Extremeworkouts.net, hereinafter Extreme Workouts, the Website or the Site. The following Terms and Conditions govern the terms and conditions of sale, as well as the policy of use of the website, as well as the mobile application. We encourage you to read these T&amp;Cs carefully before you start using the Site and to [&hellip;]<\/p>","protected":false},"author":2,"featured_media":0,"parent":0,"menu_order":0,"comment_status":"closed","ping_status":"closed","template":"","meta":{"footnotes":""},"class_list":["post-870","page","type-page","status-publish","hentry","entry","owp-thumbs-layout-horizontal","owp-btn-big","owp-tabs-layout-horizontal","has-no-thumbnails","has-product-nav"],"_links":{"self":[{"href":"https:\/\/extremeworkouts.net\/es\/wp-json\/wp\/v2\/pages\/870","targetHints":{"allow":["GET"]}}],"collection":[{"href":"https:\/\/extremeworkouts.net\/es\/wp-json\/wp\/v2\/pages"}],"about":[{"href":"https:\/\/extremeworkouts.net\/es\/wp-json\/wp\/v2\/types\/page"}],"author":[{"embeddable":true,"href":"https:\/\/extremeworkouts.net\/es\/wp-json\/wp\/v2\/users\/2"}],"replies":[{"embeddable":true,"href":"https:\/\/extremeworkouts.net\/es\/wp-json\/wp\/v2\/comments?post=870"}],"version-history":[{"count":1,"href":"https:\/\/extremeworkouts.net\/es\/wp-json\/wp\/v2\/pages\/870\/revisions"}],"predecessor-version":[{"id":874,"href":"https:\/\/extremeworkouts.net\/es\/wp-json\/wp\/v2\/pages\/870\/revisions\/874"}],"wp:attachment":[{"href":"https:\/\/extremeworkouts.net\/es\/wp-json\/wp\/v2\/media?parent=870"}],"curies":[{"name":"wp","href":"https:\/\/api.w.org\/{rel}","templated":true}]}}