{"id":872,"date":"2024-02-07T09:43:48","date_gmt":"2024-02-07T09:43:48","guid":{"rendered":"https:\/\/extremeworkouts.net\/?page_id=872"},"modified":"2024-02-07T10:06:08","modified_gmt":"2024-02-07T10:06:08","slug":"privacy-policy","status":"publish","type":"page","link":"https:\/\/extremeworkouts.net\/es\/privacy-policy\/","title":{"rendered":"Pol\u00edtica de Privacidad"},"content":{"rendered":"<p>En esta p\u00e1gina te explicamos lo b\u00e1sico que deber\u00edas conocer sobre qu\u00e9 hacemos con los datos personales que nos facilitas, cu\u00e1les son estos datos y qui\u00e9n los puede llegar a ver.<\/p><p>Es algo m\u00e1s importante de lo que parece sobretodo hoy en d\u00eda, as\u00ed que dedica un tiempo para leerlo con atenci\u00f3n:<\/p><h3 class=\"wp-block-heading\">Qui\u00e9nes somos<\/h3><p>La direcci\u00f3n de nuestro sitio web es: https:\/\/extremeworkouts.net (en adelante Extreme Workouts, EW, el sitio, nosotros, nos, la app o la tienda).<\/p><h3 class=\"wp-block-heading\">Qu\u00e9 datos personales recogemos y por qu\u00e9 los recogemos<\/h3><h4 class=\"wp-block-heading\">Comentarios<\/h4><p>Cuando dejas comentarios en el sitio, sobretodo en el blog o en perfiles de otros atletas, recopilamos los datos que se muestran en el formulario de comentarios (nombre, mail) as\u00ed como la direcci\u00f3n IP y la cadena de agentes de usuario del navegador para ayudar a detectar el spam.<\/p><p>Una cadena an\u00f3nima creada a partir de tu direcci\u00f3n de correo electr\u00f3nico (tambi\u00e9n llamada hash) puede ser proporcionada al servicio de Gravatar para ver si la est\u00e1s usando. La pol\u00edtica de privacidad del servicio de Gravatar est\u00e1 disponible aqu\u00ed.<\/p><p>Despu\u00e9s de la aprobaci\u00f3n de tu comentario, la imagen de tu perfil es visible para el p\u00fablico en el contexto de tu comentario.<\/p><h4 class=\"wp-block-heading\">Medios<\/h4><p>Si subes im\u00e1genes al sitio web, debes evitar subir im\u00e1genes con datos de localizaci\u00f3n incrustados (GPS EXIF) incluidos. Los visitantes del sitio web podr\u00edan descargar y extraer cualquier dato de localizaci\u00f3n de las im\u00e1genes del sitio web. En principio no deber\u00edas subir im\u00e1genes a nuestra web para nada m\u00e1s all\u00e1 de tu foto de perfil.<\/p><h4 class=\"wp-block-heading\">Formularios de contacto<\/h4><p>Con la finalidad de poder realizar un seguimiento de tu mensaje se guardar\u00e1n los datos personales que puedan constar en el mismo, tales como correo electr\u00f3nico, email, nombre y apellidos o incluso direcci\u00f3n.<br>Estos datos son necesarios para poderte responder.<\/p><h4 class=\"wp-block-heading\">Pedidos<\/h4><p>Al realizar un pedido guardaremos tus datos de env\u00edo y facturaci\u00f3n (no los de tu tarjeta de cr\u00e9dito o m\u00e9todo de pago utilizado). Los datos de facturaci\u00f3n los puede ver \u00fanicamente la asesor\u00eda fiscal y departamento administrativo.<\/p><h4 class=\"wp-block-heading\">Cookies<\/h4><p>Si dejas un comentario en nuestro sitio puedes optar por guardar su nombre, direcci\u00f3n de correo electr\u00f3nico y sitio web en cookies. Estos son para tu comodidad para que no tengas que volver a rellenar tus datos cuando dejas otro comentario. Estas cookies tendr\u00e1n una duraci\u00f3n de un a\u00f1o.<\/p><p>Si visitas nuestra p\u00e1gina de inicio de sesi\u00f3n, estableceremos una cookie temporal para determinar si tu navegador acepta cookies. Esta cookie no contiene datos personales y se descarta cuando cierras tu navegador.<\/p><p>Cuando inicies sesi\u00f3n, tambi\u00e9n configuraremos varias cookies para guardar tu informaci\u00f3n de inicio de sesi\u00f3n y sus opciones de visualizaci\u00f3n en pantalla. Las cookies de inicio de sesi\u00f3n duran dos d\u00edas, y las cookies de opciones de pantalla duran un a\u00f1o. Si seleccionas \u201cRecordarme\u201d, tu nombre de usuario permanecer\u00e1 durante dos semanas. Si sales de tu cuenta, las cookies de inicio de sesi\u00f3n se eliminar\u00e1n.<\/p><h4 class=\"wp-block-heading\">Correos electr\u00f3nicos<\/h4><p>Es posible que en alg\u00fan momento tengas que contactar con nosotros. Obviamente, para ayudarte y realizar un correcto seguimiento de ese motivo por el que nos has escrito, guardaremos algunos datos personales que nos puedas haber facilitado.<\/p><h4 class=\"wp-block-heading\">Anal\u00edtica<\/h4><p>Para poder estudiar la cantidad de personas que visitan nuestra p\u00e1gina as\u00ed como qu\u00e9 hacen en la misma utilizaremos los servicios de Google Analytics. Aqu\u00ed nos dan datos estad\u00edsticos que utilizaremos para intentar facilitar tu navegaci\u00f3n.<\/p><h3 class=\"wp-block-heading\">Con qui\u00e9n compartimos sus datos<\/h3><p>\u00danicamente tendr\u00e1n acceso a los datos personales necesarios para realizar su trabajo:<\/p><ul class=\"wp-block-list\"><li><strong>Empresa de mensajer\u00eda:<\/strong> tiene que ver tu nombre y direcci\u00f3n para que puedas recibir el pedido en casa.<\/li>\n\n<li><strong>Asesor\u00eda: <\/strong>para el c\u00e1lculo de los impuestos trimestrales y anuales nos pasan la contabilidad, por lo que necesitan poder acceder a las facturas que hacemos.<\/li><\/ul><h3 class=\"wp-block-heading\">Cu\u00e1nto tiempo conservamos sus datos<\/h3><p>Si dejas un comentario, el comentario y sus metadatos se conservan indefinidamente. Esto es para que podamos reconocer y aprobar cualquier comentario tuyo autom\u00e1ticamente en lugar de mantenerlos en una cola de moderaci\u00f3n.<\/p><p>Para los usuarios que se registran en nuestro sitio web, tambi\u00e9n almacenamos la informaci\u00f3n personal que proporcionan en su perfil de usuario. Todos los usuarios pueden ver, editar o eliminar su informaci\u00f3n personal en cualquier momento (excepto que no pueden cambiar su nombre de usuario). Los administradores del sitio web tambi\u00e9n pueden ver y editar esa informaci\u00f3n.<\/p><h3 class=\"wp-block-heading\">Qu\u00e9 derechos tienes sobre tus datos<\/h3><p>Si tienes una cuenta en este sitio, o has dejado comentarios, puedes solicitar recibir un archivo exportado de los datos personales que tenemos sobre ti, incluyendo cualquier dato que nos hayas proporcionado. Tambi\u00e9n puedes solicitar que borremos cualquier dato personal que tengamos sobre ti. Esto no incluye ning\u00fan dato que estemos obligados a conservar con fines administrativos, legales o de seguridad.<\/p><h3 class=\"wp-block-heading\">D\u00f3nde enviamos tus datos<\/h3><p>Los comentarios de los visitantes pueden consultarse a trav\u00e9s de un servicio automatizado de detecci\u00f3n de spam llamado Akismet.<\/p>","protected":false},"excerpt":{"rendered":"<p>On this page we explain the basics you should know about what we do with the personal data you give us, what this data is and who can see it. It&#8217;s more important than it sounds, especially nowadays, so please take the time to read it carefully: Who we are Our website address is: https:\/\/extremeworkouts.net [&hellip;]<\/p>","protected":false},"author":2,"featured_media":0,"parent":0,"menu_order":0,"comment_status":"closed","ping_status":"closed","template":"","meta":{"footnotes":""},"class_list":["post-872","page","type-page","status-publish","hentry","entry","owp-thumbs-layout-horizontal","owp-btn-big","owp-tabs-layout-horizontal","has-no-thumbnails","has-product-nav"],"_links":{"self":[{"href":"https:\/\/extremeworkouts.net\/es\/wp-json\/wp\/v2\/pages\/872","targetHints":{"allow":["GET"]}}],"collection":[{"href":"https:\/\/extremeworkouts.net\/es\/wp-json\/wp\/v2\/pages"}],"about":[{"href":"https:\/\/extremeworkouts.net\/es\/wp-json\/wp\/v2\/types\/page"}],"author":[{"embeddable":true,"href":"https:\/\/extremeworkouts.net\/es\/wp-json\/wp\/v2\/users\/2"}],"replies":[{"embeddable":true,"href":"https:\/\/extremeworkouts.net\/es\/wp-json\/wp\/v2\/comments?post=872"}],"version-history":[{"count":3,"href":"https:\/\/extremeworkouts.net\/es\/wp-json\/wp\/v2\/pages\/872\/revisions"}],"predecessor-version":[{"id":876,"href":"https:\/\/extremeworkouts.net\/es\/wp-json\/wp\/v2\/pages\/872\/revisions\/876"}],"wp:attachment":[{"href":"https:\/\/extremeworkouts.net\/es\/wp-json\/wp\/v2\/media?parent=872"}],"curies":[{"name":"wp","href":"https:\/\/api.w.org\/{rel}","templated":true}]}}